{"id":1070,"date":"2020-01-22T09:09:30","date_gmt":"2020-01-22T08:09:30","guid":{"rendered":"https:\/\/www.gca-foundation.org\/?page_id=1070"},"modified":"2025-05-07T19:15:10","modified_gmt":"2025-05-07T17:15:10","slug":"conformite-et-ethique","status":"publish","type":"page","link":"https:\/\/www.gca-foundation.org\/en\/conformite-et-ethique\/","title":{"rendered":"Compliance and Ethics"},"content":{"rendered":"<style type=\"text\/css\" data-created_by=\"avia_inline_auto\" id=\"style-css-av-1ewt16m-0631dea8109ca924d47a0bc59d16e35f\">\n.avia-section.av-1ewt16m-0631dea8109ca924d47a0bc59d16e35f{\nbackground-color:#008b88;\nbackground-image:url(https:\/\/www.gca-foundation.org\/wp-content\/uploads\/2020\/01\/header-conformite-ethique.jpg);\nbackground-repeat:no-repeat;\nbackground-position:50% 50%;\nbackground-attachment:scroll;\n}\n.avia-section.av-1ewt16m-0631dea8109ca924d47a0bc59d16e35f .av-section-color-overlay{\nopacity:0.5;\nbackground-color:#008b88;\n}\n<\/style>\n<div id='av_section_1'  class='avia-section av-1ewt16m-0631dea8109ca924d47a0bc59d16e35f main_color avia-section-huge avia-no-border-styling  avia-builder-el-0  el_before_av_section  avia-builder-el-first  titre-page-header avia-full-stretch avia-bg-style-scroll av-section-color-overlay-active av-minimum-height av-minimum-height-custom av-height-custom  container_wrap fullsize'  data-section-bg-repeat='stretch' data-av_minimum_height_px='300'><div class=\"av-section-color-overlay-wrap\"><div class=\"av-section-color-overlay\"><\/div><div class='container av-section-cont-open' style='height:300px'><main  role=\"main\" itemprop=\"mainContentOfPage\"  class='template-page content  av-content-full alpha units'><div class='post-entry post-entry-type-page post-entry-1070'><div class='entry-content-wrapper clearfix'>\n\n<style type=\"text\/css\" data-created_by=\"avia_inline_auto\" id=\"style-css-av-1cg60n2-ee3d06345a508b01bd00785d556e6e14\">\n#top .av-special-heading.av-1cg60n2-ee3d06345a508b01bd00785d556e6e14{\npadding-bottom:0;\ncolor:#ffffff;\n}\nbody .av-special-heading.av-1cg60n2-ee3d06345a508b01bd00785d556e6e14 .av-special-heading-tag .heading-char{\nfont-size:25px;\n}\n.av-special-heading.av-1cg60n2-ee3d06345a508b01bd00785d556e6e14 .special-heading-inner-border{\nborder-color:#ffffff;\n}\n.av-special-heading.av-1cg60n2-ee3d06345a508b01bd00785d556e6e14 .av-subheading{\nfont-size:15px;\n}\n<\/style>\n<div  class='av-special-heading av-1cg60n2-ee3d06345a508b01bd00785d556e6e14 av-special-heading-h1 custom-color-heading blockquote modern-quote modern-centered  avia-builder-el-1  avia-builder-el-no-sibling'><h1 class='av-special-heading-tag'  itemprop=\"headline\"  >Compliance and Ethics<\/h1><div class=\"special-heading-border\"><div class=\"special-heading-inner-border\"><\/div><\/div><\/div>\n\n<\/div><\/div><\/main><!-- close content main element --><\/div><\/div><\/div><div id='av_section_2'  class='avia-section av-1bcoc32-a353a325cdd5e359b2855c5c905b943c main_color avia-section-default avia-no-border-styling  avia-builder-el-2  el_after_av_section  el_before_av_section  avia-bg-style-scroll container_wrap fullsize'  ><div class='container av-section-cont-open' ><div class='template-page content  av-content-full alpha units'><div class='post-entry post-entry-type-page post-entry-1070'><div class='entry-content-wrapper clearfix'>\n<div class='flex_column_table av-19swg4u-6c34e9ef08b214afd75583912c85b87e sc-av_one_half av-equal-height-column-flextable'>\n<style type=\"text\/css\" data-created_by=\"avia_inline_auto\" id=\"style-css-av-19swg4u-6c34e9ef08b214afd75583912c85b87e\">\n.flex_column.av-19swg4u-6c34e9ef08b214afd75583912c85b87e{\nbackground:url(https:\/\/www.gca-foundation.org\/wp-content\/uploads\/2020\/01\/fond-charte.jpg) 50% 50% no-repeat scroll #006048;\n}\n<\/style>\n<div  class='flex_column av-19swg4u-6c34e9ef08b214afd75583912c85b87e av_one_half  avia-builder-el-3  el_before_av_one_half  avia-builder-el-first  colonne-bande-verte-haut first no_margin flex_column_table_cell av-equal-height-column av-align-middle avia-full-stretch'     ><style type=\"text\/css\" data-created_by=\"avia_inline_auto\" id=\"style-css-av-18b0age-aa1bc838169c0cfc0ba8ff0da77c8093\">\n.avia-image-container.av-18b0age-aa1bc838169c0cfc0ba8ff0da77c8093 img.avia_image{\nbox-shadow:none;\n}\n.avia-image-container.av-18b0age-aa1bc838169c0cfc0ba8ff0da77c8093 .av-image-caption-overlay-center{\ncolor:#ffffff;\n}\n<\/style>\n<div  class='avia-image-container av-18b0age-aa1bc838169c0cfc0ba8ff0da77c8093 av-styling- avia-align-center  avia-builder-el-4  avia-builder-el-no-sibling'   itemprop=\"image\" itemscope=\"itemscope\" itemtype=\"https:\/\/schema.org\/ImageObject\" ><div class=\"avia-image-container-inner\"><div class=\"avia-image-overlay-wrap\"><img decoding=\"async\" fetchpriority=\"high\" class='wp-image-24516 avia-img-lazy-loading-not-24516 avia_image' src=\"https:\/\/www.gca-foundation.org\/wp-content\/uploads\/2025\/01\/vide.png\" alt='' title='empty'  height=\"1500\" width=\"1500\"  itemprop=\"thumbnailUrl\" srcset=\"https:\/\/www.gca-foundation.org\/wp-content\/uploads\/2025\/01\/vide.png 1500w, https:\/\/www.gca-foundation.org\/wp-content\/uploads\/2025\/01\/vide-300x300.png 300w, https:\/\/www.gca-foundation.org\/wp-content\/uploads\/2025\/01\/vide-1030x1030.png 1030w, https:\/\/www.gca-foundation.org\/wp-content\/uploads\/2025\/01\/vide-80x80.png 80w, https:\/\/www.gca-foundation.org\/wp-content\/uploads\/2025\/01\/vide-768x768.png 768w, https:\/\/www.gca-foundation.org\/wp-content\/uploads\/2025\/01\/vide-36x36.png 36w, https:\/\/www.gca-foundation.org\/wp-content\/uploads\/2025\/01\/vide-180x180.png 180w, https:\/\/www.gca-foundation.org\/wp-content\/uploads\/2025\/01\/vide-705x705.png 705w, https:\/\/www.gca-foundation.org\/wp-content\/uploads\/2025\/01\/vide-100x100.png 100w\" sizes=\"(max-width: 1500px) 100vw, 1500px\" \/><\/div><\/div><\/div><\/div>\n<style type=\"text\/css\" data-created_by=\"avia_inline_auto\" id=\"style-css-av-45g1dq-1f79d3ca3f9cf4799e37c4bb44399957\">\n.flex_column.av-45g1dq-1f79d3ca3f9cf4799e37c4bb44399957{\npadding:30px 30px 30px 30px;\nbackground-color:#f5f5f5;\n}\n<\/style>\n<div  class='flex_column av-45g1dq-1f79d3ca3f9cf4799e37c4bb44399957 av_one_half  avia-builder-el-5  el_after_av_one_half  avia-builder-el-last  colonne-bande-rouge-haut no_margin flex_column_table_cell av-equal-height-column av-align-middle'     ><p>\n<style type=\"text\/css\" data-created_by=\"avia_inline_auto\" id=\"style-css-av-1525jjy-a202cb0840799b4c217e32c8595ba9eb\">\n#top .av-special-heading.av-1525jjy-a202cb0840799b4c217e32c8595ba9eb{\npadding-bottom:10px;\n}\nbody .av-special-heading.av-1525jjy-a202cb0840799b4c217e32c8595ba9eb .av-special-heading-tag .heading-char{\nfont-size:25px;\n}\n.av-special-heading.av-1525jjy-a202cb0840799b4c217e32c8595ba9eb .av-subheading{\nfont-size:15px;\n}\n<\/style>\n<div  class='av-special-heading av-1525jjy-a202cb0840799b4c217e32c8595ba9eb av-special-heading-h2 blockquote modern-quote modern-centered  avia-builder-el-6  el_before_av_textblock  avia-builder-el-first'><h2 class='av-special-heading-tag'  itemprop=\"headline\"  >Ethical charter<\/h2><div class=\"special-heading-border\"><div class=\"special-heading-inner-border\"><\/div><\/div><\/div><br \/>\n\n<style type=\"text\/css\" data-created_by=\"avia_inline_auto\" id=\"style-css-av-13n79lq-b231dfe6a8c3a0a60602588501e7e8dd\">\n#top .av_textblock_section.av-13n79lq-b231dfe6a8c3a0a60602588501e7e8dd .avia_textblock{\ncolor:#008b88;\n}\n<\/style>\n<section  class='av_textblock_section av-13n79lq-b231dfe6a8c3a0a60602588501e7e8dd'   itemscope=\"itemscope\" itemtype=\"https:\/\/schema.org\/CreativeWork\" ><div class='avia_textblock av_inherit_color'  itemprop=\"text\" ><p>Through the Ethics Charter, the Foundation expresses its commitments to behavior driven by its values and its principles of action towards all of its stakeholders.<\/p>\n<\/div><\/section><br \/>\n<div  class='avia-buttonrow-wrap av-mae6r3b2-e6cd0833656e0fe5efd70c9c380560c3 avia-buttonrow-right  avia-builder-el-8  el_after_av_textblock  avia-builder-el-last'>\n\n<style type=\"text\/css\" data-created_by=\"avia_inline_auto\" id=\"style-css-av-mae6r0bc-3ffa0e230703d7ffbaa3d7bf7f0dbf92\">\n#top #wrap_all .avia-button.av-mae6r0bc-3ffa0e230703d7ffbaa3d7bf7f0dbf92{\nmargin-bottom:5px;\nmargin-left:5px;\n}\n<\/style>\n<a href='https:\/\/www.gca-foundation.org\/wp-content\/uploads\/2020\/01\/Charte-Ethique-FGCA-FR.pdf'  class='avia-button av-mae6r0bc-3ffa0e230703d7ffbaa3d7bf7f0dbf92 avia-icon_select-no avia-size-small avia-color-theme-color'  target=\"_blank\"  rel=\"noopener noreferrer\"  aria-label=\"DOWNLOAD\"><span class='avia_iconbox_title' >DOWNLOAD<\/span><\/a>\n<\/div><\/p><\/div><\/div><!--close column table wrapper. Autoclose: 1 -->\n\n<\/div><\/div><\/div><!-- close content main div --><\/div><\/div><div id='av_section_3'  class='avia-section av-6e9ugu-b50f7670b654995753528ee3d0dfb472 main_color avia-section-default avia-no-border-styling  avia-builder-el-9  el_after_av_section  el_before_av_section  avia-bg-style-scroll container_wrap fullsize'  ><div class='container av-section-cont-open' ><div class='template-page content  av-content-full alpha units'><div class='post-entry post-entry-type-page post-entry-1070'><div class='entry-content-wrapper clearfix'>\n<div class='flex_column_table av-mae716pk-ced07ec1a4b95cd9a27c988115b2caf9 sc-av_one_half av-equal-height-column-flextable'>\n<style type=\"text\/css\" data-created_by=\"avia_inline_auto\" id=\"style-css-av-mae716pk-ced07ec1a4b95cd9a27c988115b2caf9\">\n.flex_column.av-mae716pk-ced07ec1a4b95cd9a27c988115b2caf9{\nbackground:url(https:\/\/www.gca-foundation.org\/wp-content\/uploads\/2020\/01\/fond-code-conduite.jpg) 50% 50% no-repeat scroll #006048;\n}\n<\/style>\n<div  class='flex_column av-mae716pk-ced07ec1a4b95cd9a27c988115b2caf9 av_one_half  avia-builder-el-10  el_before_av_one_half  avia-builder-el-first  colonne-bande-verte-haut first no_margin flex_column_table_cell av-equal-height-column av-align-middle avia-full-stretch'     ><style type=\"text\/css\" data-created_by=\"avia_inline_auto\" id=\"style-css-av-gusym-9c5734aac3c74107aa20480b73a9897b\">\n.avia-image-container.av-gusym-9c5734aac3c74107aa20480b73a9897b img.avia_image{\nbox-shadow:none;\n}\n.avia-image-container.av-gusym-9c5734aac3c74107aa20480b73a9897b .av-image-caption-overlay-center{\ncolor:#ffffff;\n}\n<\/style>\n<div  class='avia-image-container av-gusym-9c5734aac3c74107aa20480b73a9897b av-styling- avia-align-center  avia-builder-el-11  avia-builder-el-no-sibling'   itemprop=\"image\" itemscope=\"itemscope\" itemtype=\"https:\/\/schema.org\/ImageObject\" ><div class=\"avia-image-container-inner\"><div class=\"avia-image-overlay-wrap\"><img decoding=\"async\" fetchpriority=\"high\" class='wp-image-24516 avia-img-lazy-loading-not-24516 avia_image' src=\"https:\/\/www.gca-foundation.org\/wp-content\/uploads\/2025\/01\/vide.png\" alt='' title='empty'  height=\"1500\" width=\"1500\"  itemprop=\"thumbnailUrl\" srcset=\"https:\/\/www.gca-foundation.org\/wp-content\/uploads\/2025\/01\/vide.png 1500w, https:\/\/www.gca-foundation.org\/wp-content\/uploads\/2025\/01\/vide-300x300.png 300w, https:\/\/www.gca-foundation.org\/wp-content\/uploads\/2025\/01\/vide-1030x1030.png 1030w, https:\/\/www.gca-foundation.org\/wp-content\/uploads\/2025\/01\/vide-80x80.png 80w, https:\/\/www.gca-foundation.org\/wp-content\/uploads\/2025\/01\/vide-768x768.png 768w, https:\/\/www.gca-foundation.org\/wp-content\/uploads\/2025\/01\/vide-36x36.png 36w, https:\/\/www.gca-foundation.org\/wp-content\/uploads\/2025\/01\/vide-180x180.png 180w, https:\/\/www.gca-foundation.org\/wp-content\/uploads\/2025\/01\/vide-705x705.png 705w, https:\/\/www.gca-foundation.org\/wp-content\/uploads\/2025\/01\/vide-100x100.png 100w\" sizes=\"(max-width: 1500px) 100vw, 1500px\" \/><\/div><\/div><\/div><\/div>\n<style type=\"text\/css\" data-created_by=\"avia_inline_auto\" id=\"style-css-av-a1e32-eb5a6b2d96ec1bdf798762efb306e998\">\n.flex_column.av-a1e32-eb5a6b2d96ec1bdf798762efb306e998{\npadding:30px 30px 30px 30px;\nbackground-color:#f5f5f5;\n}\n<\/style>\n<div  class='flex_column av-a1e32-eb5a6b2d96ec1bdf798762efb306e998 av_one_half  avia-builder-el-12  el_after_av_one_half  avia-builder-el-last  colonne-bande-rouge-haut no_margin flex_column_table_cell av-equal-height-column av-align-middle'     ><p>\n<style type=\"text\/css\" data-created_by=\"avia_inline_auto\" id=\"style-css-av-mae6zxcq-4e28f8effcf581fbb08fa942445cdac2\">\n#top .av-special-heading.av-mae6zxcq-4e28f8effcf581fbb08fa942445cdac2{\npadding-bottom:10px;\n}\nbody .av-special-heading.av-mae6zxcq-4e28f8effcf581fbb08fa942445cdac2 .av-special-heading-tag .heading-char{\nfont-size:25px;\n}\n.av-special-heading.av-mae6zxcq-4e28f8effcf581fbb08fa942445cdac2 .av-subheading{\nfont-size:15px;\n}\n<\/style>\n<div  class='av-special-heading av-mae6zxcq-4e28f8effcf581fbb08fa942445cdac2 av-special-heading-h2 blockquote modern-quote modern-centered  avia-builder-el-13  el_before_av_textblock  avia-builder-el-first'><h2 class='av-special-heading-tag'  itemprop=\"headline\"  >Code of Conduct<\/h2><div class=\"special-heading-border\"><div class=\"special-heading-inner-border\"><\/div><\/div><\/div><br \/>\n\n<style type=\"text\/css\" data-created_by=\"avia_inline_auto\" id=\"style-css-av-mae7040s-07dd747ef58934ec942ca18843bfebef\">\n#top .av_textblock_section.av-mae7040s-07dd747ef58934ec942ca18843bfebef .avia_textblock{\ncolor:#008b88;\n}\n<\/style>\n<section  class='av_textblock_section av-mae7040s-07dd747ef58934ec942ca18843bfebef'   itemscope=\"itemscope\" itemtype=\"https:\/\/schema.org\/CreativeWork\" ><div class='avia_textblock av_inherit_color'  itemprop=\"text\" ><p>The Foundation has chosen an internal system of reference texts which, alongside legal and regulatory requirements, is based on two normative levels: the Ethical Charter and the Code of Conduct. The Code of Conduct is the operational implementation of the Charter.<\/p>\n<\/div><\/section><br \/>\n<div  class='avia-buttonrow-wrap av-av_buttonrow-d2ad8e580933590176b4852c50f974ae avia-buttonrow-right  avia-builder-el-15  el_after_av_textblock  avia-builder-el-last'>\n\n<style type=\"text\/css\" data-created_by=\"avia_inline_auto\" id=\"style-css-av-av_buttonrow_item-b65670d287bfc43f7f824d14aa80d113\">\n#top #wrap_all .avia-button.av-av_buttonrow_item-b65670d287bfc43f7f824d14aa80d113{\nmargin-bottom:5px;\nmargin-left:5px;\n}\n<\/style>\n<a href='https:\/\/www.gca-foundation.org\/wp-content\/uploads\/2020\/05\/FGCA_Code-de-conduite-web.pdf'  class='avia-button av-av_buttonrow_item-b65670d287bfc43f7f824d14aa80d113 avia-icon_select-no avia-size-small avia-color-theme-color'  target=\"_blank\"  rel=\"noopener noreferrer\"  aria-label=\"DOWNLOAD\"><span class='avia_iconbox_title' >DOWNLOAD<\/span><\/a>\n<\/div><\/p><\/div><\/div><!--close column table wrapper. Autoclose: 1 --><\/div><\/div><\/div><!-- close content main div --><\/div><\/div><div id='av_section_4'  class='avia-section av-1188h9q-bcc77c573c3af73d7a72e8af1c72ae97 main_color avia-section-default avia-no-border-styling  avia-builder-el-16  el_after_av_section  avia-builder-el-last  avia-bg-style-scroll container_wrap fullsize'  ><div class='container av-section-cont-open' ><div class='template-page content  av-content-full alpha units'><div class='post-entry post-entry-type-page post-entry-1070'><div class='entry-content-wrapper clearfix'>\n<div class='flex_column_table av-104aq0e-e5b64adb28295dabe89e8df73cfb7df4 sc-av_one_half av-mobile-columns-flex av-columns-reverse av-equal-height-column-flextable'>\n<style type=\"text\/css\" data-created_by=\"avia_inline_auto\" id=\"style-css-av-104aq0e-e5b64adb28295dabe89e8df73cfb7df4\">\n.flex_column.av-104aq0e-e5b64adb28295dabe89e8df73cfb7df4{\npadding:30px 30px 30px 30px;\nbackground-color:#f5f5f5;\n}\n<\/style>\n<div  class='flex_column av-104aq0e-e5b64adb28295dabe89e8df73cfb7df4 av_one_half  avia-builder-el-17  el_before_av_one_half  avia-builder-el-first  colonne-bande-rouge-haut first no_margin flex_column_table_cell av-equal-height-column av-align-middle'     ><p>\n<style type=\"text\/css\" data-created_by=\"avia_inline_auto\" id=\"style-css-av-3d40pa-87816727be6eb4fc08bf04524cc500a2\">\n#top .av-special-heading.av-3d40pa-87816727be6eb4fc08bf04524cc500a2{\npadding-bottom:10px;\n}\nbody .av-special-heading.av-3d40pa-87816727be6eb4fc08bf04524cc500a2 .av-special-heading-tag .heading-char{\nfont-size:25px;\n}\n.av-special-heading.av-3d40pa-87816727be6eb4fc08bf04524cc500a2 .av-subheading{\nfont-size:15px;\n}\n<\/style>\n<div  class='av-special-heading av-3d40pa-87816727be6eb4fc08bf04524cc500a2 av-special-heading-h2 blockquote modern-quote modern-centered  avia-builder-el-18  el_before_av_textblock  avia-builder-el-first'><h2 class='av-special-heading-tag'  itemprop=\"headline\"  >Whistleblower<\/h2><div class=\"special-heading-border\"><div class=\"special-heading-inner-border\"><\/div><\/div><\/div><br \/>\n\n<style type=\"text\/css\" data-created_by=\"avia_inline_auto\" id=\"style-css-av-wr0q32-0eae6831d2a18a3971d4dd773f1d9255\">\n#top .av_textblock_section.av-wr0q32-0eae6831d2a18a3971d4dd773f1d9255 .avia_textblock{\ncolor:#008b88;\n}\n<\/style>\n<section  class='av_textblock_section av-wr0q32-0eae6831d2a18a3971d4dd773f1d9255'   itemscope=\"itemscope\" itemtype=\"https:\/\/schema.org\/CreativeWork\" ><div class='avia_textblock av_inherit_color'  itemprop=\"text\" ><p>In 2019, the Foundation formalized its commitment to responsible behavior through the publication of an Ethics Charter. Among the established principles of action is the ability for employees to exercise their right to alert, which can be done via the BKMS\u00ae SYSTEMS platform, accessible from the link below.<\/p>\n<\/div><\/section><br \/>\n<div  class='avia-buttonrow-wrap av-mae70fdg-e00b5982052d34b211cb5de978c25523 avia-buttonrow-right  avia-builder-el-20  el_after_av_textblock  avia-builder-el-last'>\n\n<style type=\"text\/css\" data-created_by=\"avia_inline_auto\" id=\"style-css-av-mae70e1t-97339b17173a11c3401ea103ecfe3819\">\n#top #wrap_all .avia-button.av-mae70e1t-97339b17173a11c3401ea103ecfe3819{\nmargin-bottom:5px;\nmargin-left:5px;\n}\n<\/style>\n<a href='https:\/\/www.bkms-system.com\/bkwebanon\/report\/clientInfo?cin=3CAgr18&c=-1&language=fre'  class='avia-button av-mae70e1t-97339b17173a11c3401ea103ecfe3819 avia-icon_select-no avia-size-small avia-color-theme-color'  target=\"_blank\"  rel=\"noopener noreferrer\"  aria-label=\"Learn more\"><span class='avia_iconbox_title' >Learn more<\/span><\/a>\n<\/div><\/p><\/div>\n<style type=\"text\/css\" data-created_by=\"avia_inline_auto\" id=\"style-css-av-av_one_half-85d82e331a4829a61ea2fd944acba2d1\">\n.flex_column.av-av_one_half-85d82e331a4829a61ea2fd944acba2d1{\npadding:30px 30px 30px 30px;\nbackground-color:#f5f5f5;\n}\n<\/style>\n<div  class='flex_column av-av_one_half-85d82e331a4829a61ea2fd944acba2d1 av_one_half  avia-builder-el-21  el_after_av_one_half  avia-builder-el-last  colonne-bande-rouge-haut no_margin flex_column_table_cell av-equal-height-column av-align-middle'     ><style type=\"text\/css\" data-created_by=\"avia_inline_auto\" id=\"style-css-av-scc27y-b775df8df649bfbc2e3d005757fb1b76\">\n.avia-image-container.av-scc27y-b775df8df649bfbc2e3d005757fb1b76 img.avia_image{\nbox-shadow:none;\n}\n.avia-image-container.av-scc27y-b775df8df649bfbc2e3d005757fb1b76 .av-image-caption-overlay-center{\ncolor:#ffffff;\n}\n<\/style>\n<div  class='avia-image-container av-scc27y-b775df8df649bfbc2e3d005757fb1b76 av-styling- av-img-linked avia-align-center  avia-builder-el-22  avia-builder-el-no-sibling'   itemprop=\"image\" itemscope=\"itemscope\" itemtype=\"https:\/\/schema.org\/ImageObject\" ><div class=\"avia-image-container-inner\"><div class=\"avia-image-overlay-wrap\"><a href=\"https:\/\/www.credit-agricole.com\/notre-groupe\/ethique-et-conformite\/lanceur-d-alerte\" class='avia_image'  target=\"_blank\"  rel=\"noopener noreferrer\" aria-label='photo-video'><img decoding=\"async\" fetchpriority=\"high\" class='wp-image-1089 avia-img-lazy-loading-not-1089 avia_image' src=\"https:\/\/www.gca-foundation.org\/wp-content\/uploads\/2020\/01\/photo-video.jpg\" alt='' title='photo-video'  height=\"374\" width=\"561\"  itemprop=\"thumbnailUrl\" srcset=\"https:\/\/www.gca-foundation.org\/wp-content\/uploads\/2020\/01\/photo-video.jpg 561w, https:\/\/www.gca-foundation.org\/wp-content\/uploads\/2020\/01\/photo-video-300x200.jpg 300w, https:\/\/www.gca-foundation.org\/wp-content\/uploads\/2020\/01\/photo-video-150x100.jpg 150w\" sizes=\"(max-width: 561px) 100vw, 561px\" \/><\/a><\/div><\/div><\/div><\/div><\/div><!--close column table wrapper. Autoclose: 1 --><\/p>","protected":false},"excerpt":{"rendered":"","protected":false},"author":12,"featured_media":0,"parent":0,"menu_order":0,"comment_status":"closed","ping_status":"closed","template":"","meta":{"_acf_changed":false,"footnotes":""},"class_list":["post-1070","page","type-page","status-publish","hentry"],"acf":[],"yoast_head":"<!-- This site is optimized with the Yoast SEO plugin v27.3 - https:\/\/yoast.com\/product\/yoast-seo-wordpress\/ -->\n<title>Conformit\u00e9 et \u00e9thique - Fondation Grameen Cr\u00e9dit-Agricole<\/title>\n<meta name=\"robots\" content=\"index, follow, max-snippet:-1, max-image-preview:large, max-video-preview:-1\" \/>\n<link rel=\"canonical\" href=\"https:\/\/www.gca-foundation.org\/en\/conformite-et-ethique\/\" \/>\n<meta property=\"og:locale\" content=\"en_GB\" \/>\n<meta property=\"og:type\" content=\"article\" \/>\n<meta property=\"og:title\" content=\"Conformit\u00e9 et \u00e9thique - Fondation Grameen Cr\u00e9dit-Agricole\" \/>\n<meta property=\"og:url\" content=\"https:\/\/www.gca-foundation.org\/en\/conformite-et-ethique\/\" \/>\n<meta property=\"og:site_name\" content=\"Fondation Grameen Cr\u00e9dit-Agricole\" \/>\n<meta property=\"article:modified_time\" content=\"2025-05-07T17:15:10+00:00\" \/>\n<meta name=\"twitter:card\" content=\"summary_large_image\" \/>\n<meta name=\"twitter:label1\" content=\"Estimated reading time\" \/>\n\t<meta name=\"twitter:data1\" content=\"2 minutes\" \/>\n<script type=\"application\/ld+json\" class=\"yoast-schema-graph\">{\"@context\":\"https:\\\/\\\/schema.org\",\"@graph\":[{\"@type\":\"WebPage\",\"@id\":\"https:\\\/\\\/www.gca-foundation.org\\\/conformite-et-ethique\\\/\",\"url\":\"https:\\\/\\\/www.gca-foundation.org\\\/conformite-et-ethique\\\/\",\"name\":\"Conformit\u00e9 et \u00e9thique - Fondation Grameen Cr\u00e9dit-Agricole\",\"isPartOf\":{\"@id\":\"https:\\\/\\\/www.gca-foundation.org\\\/en\\\/#website\"},\"datePublished\":\"2020-01-22T08:09:30+00:00\",\"dateModified\":\"2025-05-07T17:15:10+00:00\",\"breadcrumb\":{\"@id\":\"https:\\\/\\\/www.gca-foundation.org\\\/conformite-et-ethique\\\/#breadcrumb\"},\"inLanguage\":\"en-GB\",\"potentialAction\":[{\"@type\":\"ReadAction\",\"target\":[\"https:\\\/\\\/www.gca-foundation.org\\\/conformite-et-ethique\\\/\"]}]},{\"@type\":\"BreadcrumbList\",\"@id\":\"https:\\\/\\\/www.gca-foundation.org\\\/conformite-et-ethique\\\/#breadcrumb\",\"itemListElement\":[{\"@type\":\"ListItem\",\"position\":1,\"name\":\"Accueil\",\"item\":\"https:\\\/\\\/www.gca-foundation.org\\\/accueil\\\/\"},{\"@type\":\"ListItem\",\"position\":2,\"name\":\"Conformit\u00e9 et \u00e9thique\"}]},{\"@type\":\"WebSite\",\"@id\":\"https:\\\/\\\/www.gca-foundation.org\\\/en\\\/#website\",\"url\":\"https:\\\/\\\/www.gca-foundation.org\\\/en\\\/\",\"name\":\"Fondation Grameen Cr\u00e9dit-Agricole\",\"description\":\"Microfinance &amp; Social Business\",\"potentialAction\":[{\"@type\":\"SearchAction\",\"target\":{\"@type\":\"EntryPoint\",\"urlTemplate\":\"https:\\\/\\\/www.gca-foundation.org\\\/en\\\/?s={search_term_string}\"},\"query-input\":{\"@type\":\"PropertyValueSpecification\",\"valueRequired\":true,\"valueName\":\"search_term_string\"}}],\"inLanguage\":\"en-GB\"}]}<\/script>\n<!-- \/ Yoast SEO plugin. -->","yoast_head_json":{"title":"Compliance and Ethics - Grameen Cr\u00e9dit-Agricole Foundation","robots":{"index":"index","follow":"follow","max-snippet":"max-snippet:-1","max-image-preview":"max-image-preview:large","max-video-preview":"max-video-preview:-1"},"canonical":"https:\/\/www.gca-foundation.org\/en\/conformite-et-ethique\/","og_locale":"en_GB","og_type":"article","og_title":"Conformit\u00e9 et \u00e9thique - Fondation Grameen Cr\u00e9dit-Agricole","og_url":"https:\/\/www.gca-foundation.org\/en\/conformite-et-ethique\/","og_site_name":"Fondation Grameen Cr\u00e9dit-Agricole","article_modified_time":"2025-05-07T17:15:10+00:00","twitter_card":"summary_large_image","twitter_misc":{"Estimated reading time":"2 minutes"},"schema":{"@context":"https:\/\/schema.org","@graph":[{"@type":"WebPage","@id":"https:\/\/www.gca-foundation.org\/conformite-et-ethique\/","url":"https:\/\/www.gca-foundation.org\/conformite-et-ethique\/","name":"Compliance and Ethics - Grameen Cr\u00e9dit-Agricole Foundation","isPartOf":{"@id":"https:\/\/www.gca-foundation.org\/en\/#website"},"datePublished":"2020-01-22T08:09:30+00:00","dateModified":"2025-05-07T17:15:10+00:00","breadcrumb":{"@id":"https:\/\/www.gca-foundation.org\/conformite-et-ethique\/#breadcrumb"},"inLanguage":"en-GB","potentialAction":[{"@type":"ReadAction","target":["https:\/\/www.gca-foundation.org\/conformite-et-ethique\/"]}]},{"@type":"BreadcrumbList","@id":"https:\/\/www.gca-foundation.org\/conformite-et-ethique\/#breadcrumb","itemListElement":[{"@type":"ListItem","position":1,"name":"Accueil","item":"https:\/\/www.gca-foundation.org\/accueil\/"},{"@type":"ListItem","position":2,"name":"Conformit\u00e9 et \u00e9thique"}]},{"@type":"WebSite","@id":"https:\/\/www.gca-foundation.org\/en\/#website","url":"https:\/\/www.gca-foundation.org\/en\/","name":"Grameen Cr\u00e9dit-Agricole Foundation","description":"Microfinance &amp; Social Business","potentialAction":[{"@type":"SearchAction","target":{"@type":"EntryPoint","urlTemplate":"https:\/\/www.gca-foundation.org\/en\/?s={search_term_string}"},"query-input":{"@type":"PropertyValueSpecification","valueRequired":true,"valueName":"search_term_string"}}],"inLanguage":"en-GB"}]}},"_links":{"self":[{"href":"https:\/\/www.gca-foundation.org\/en\/wp-json\/wp\/v2\/pages\/1070","targetHints":{"allow":["GET"]}}],"collection":[{"href":"https:\/\/www.gca-foundation.org\/en\/wp-json\/wp\/v2\/pages"}],"about":[{"href":"https:\/\/www.gca-foundation.org\/en\/wp-json\/wp\/v2\/types\/page"}],"author":[{"embeddable":true,"href":"https:\/\/www.gca-foundation.org\/en\/wp-json\/wp\/v2\/users\/12"}],"replies":[{"embeddable":true,"href":"https:\/\/www.gca-foundation.org\/en\/wp-json\/wp\/v2\/comments?post=1070"}],"version-history":[{"count":0,"href":"https:\/\/www.gca-foundation.org\/en\/wp-json\/wp\/v2\/pages\/1070\/revisions"}],"wp:attachment":[{"href":"https:\/\/www.gca-foundation.org\/en\/wp-json\/wp\/v2\/media?parent=1070"}],"curies":[{"name":"wp","href":"https:\/\/api.w.org\/{rel}","templated":true}]}}