{"id":26738,"date":"2025-05-08T13:19:58","date_gmt":"2025-05-08T11:19:58","guid":{"rendered":"https:\/\/www.gca-foundation.org\/?page_id=26738"},"modified":"2025-05-08T14:40:31","modified_gmt":"2025-05-08T12:40:31","slug":"modele-fiche-equipe","status":"publish","type":"page","link":"https:\/\/www.gca-foundation.org\/en\/modele-fiche-equipe\/","title":{"rendered":"TEAM SHEET MODEL"},"content":{"rendered":"<div id='av_section_1'  class='avia-section av-1amtaq-151b7618e4e67e516c68be4c8a8ddc76 main_color avia-section-huge avia-no-border-styling  avia-builder-el-0  avia-builder-el-no-sibling  avia-bg-style-scroll container_wrap fullsize'  ><div class='container av-section-cont-open' ><main  role=\"main\" itemprop=\"mainContentOfPage\"  class='template-page content  av-content-full alpha units'><div class='post-entry post-entry-type-page post-entry-26738'><div class='entry-content-wrapper clearfix'>\n<div  class='flex_column av-2vajlle-7aa10584fc00237ef1f94df8e9eceb12 av_one_fourth  avia-builder-el-1  el_before_av_three_fourth  avia-builder-el-first  first no_margin flex_column_div avia-full-stretch'     ><style type=\"text\/css\" data-created_by=\"avia_inline_auto\" id=\"style-css-av-8m34he-56e82f18106be349910bdf07960efb5c\">\n.avia-image-container.av-8m34he-56e82f18106be349910bdf07960efb5c img.avia_image{\nbox-shadow:none;\n}\n.avia-image-container.av-8m34he-56e82f18106be349910bdf07960efb5c .av-image-caption-overlay-center{\ncolor:#ffffff;\n}\n<\/style>\n<div  class='avia-image-container av-8m34he-56e82f18106be349910bdf07960efb5c av-styling-no-styling avia-align-left  avia-builder-el-2  avia-builder-el-no-sibling'   itemprop=\"image\" itemscope=\"itemscope\" itemtype=\"https:\/\/schema.org\/ImageObject\" ><div class=\"avia-image-container-inner\"><div class=\"avia-image-overlay-wrap\"><img decoding=\"async\" fetchpriority=\"high\" class='wp-image-24516 avia-img-lazy-loading-not-24516 avia_image' src=\"https:\/\/www.gca-foundation.org\/wp-content\/uploads\/2025\/01\/vide-300x300.png\" alt='' title='empty'  height=\"300\" width=\"300\"  itemprop=\"thumbnailUrl\" srcset=\"https:\/\/www.gca-foundation.org\/wp-content\/uploads\/2025\/01\/vide-300x300.png 300w, https:\/\/www.gca-foundation.org\/wp-content\/uploads\/2025\/01\/vide-1030x1030.png 1030w, https:\/\/www.gca-foundation.org\/wp-content\/uploads\/2025\/01\/vide-80x80.png 80w, https:\/\/www.gca-foundation.org\/wp-content\/uploads\/2025\/01\/vide-768x768.png 768w, https:\/\/www.gca-foundation.org\/wp-content\/uploads\/2025\/01\/vide-36x36.png 36w, https:\/\/www.gca-foundation.org\/wp-content\/uploads\/2025\/01\/vide-180x180.png 180w, https:\/\/www.gca-foundation.org\/wp-content\/uploads\/2025\/01\/vide-705x705.png 705w, https:\/\/www.gca-foundation.org\/wp-content\/uploads\/2025\/01\/vide-100x100.png 100w, https:\/\/www.gca-foundation.org\/wp-content\/uploads\/2025\/01\/vide.png 1500w\" sizes=\"(max-width: 300px) 100vw, 300px\" \/><\/div><\/div><\/div><\/div>\n<style type=\"text\/css\" data-created_by=\"avia_inline_auto\" id=\"style-css-av-25g7npu-49d2317608171c1b55bc354c5408414f\">\n.flex_column.av-25g7npu-49d2317608171c1b55bc354c5408414f{\npadding:30px 30px 30px 30px;\nbackground-color:#f5f5f5;\n}\n<\/style>\n<div  class='flex_column av-25g7npu-49d2317608171c1b55bc354c5408414f av_three_fourth  avia-builder-el-3  el_after_av_one_fourth  el_before_av_hr  colonne-bande-verte-haut no_margin flex_column_div'     ><p>\n<style type=\"text\/css\" data-created_by=\"avia_inline_auto\" id=\"style-css-av-12qdrea-2e344551ae87b05add646b303555e8a6\">\n#top .av-special-heading.av-12qdrea-2e344551ae87b05add646b303555e8a6{\nmargin:0 0 0 0;\npadding-bottom:10px;\ncolor:#008b88;\n}\nbody .av-special-heading.av-12qdrea-2e344551ae87b05add646b303555e8a6 .av-special-heading-tag .heading-char{\nfont-size:25px;\n}\n#top #wrap_all .av-special-heading.av-12qdrea-2e344551ae87b05add646b303555e8a6 .av-special-heading-tag{\npadding:0 0 0 0;\n}\n.av-special-heading.av-12qdrea-2e344551ae87b05add646b303555e8a6 .special-heading-inner-border{\nborder-color:#008b88;\n}\n.av-special-heading.av-12qdrea-2e344551ae87b05add646b303555e8a6 .av-subheading{\nfont-size:15px;\ncolor:#d42831;\n}\n<\/style>\n<div  class='av-special-heading av-12qdrea-2e344551ae87b05add646b303555e8a6 av-special-heading-h1 custom-color-heading blockquote modern-quote  avia-builder-el-4  el_before_av_textblock  avia-builder-el-first'><h1 class='av-special-heading-tag'  itemprop=\"headline\"  >TEAM SHEET MODEL<\/h1><div class='av_custom_color av-subheading av-subheading_below'>\n<\/div><div class=\"special-heading-border\"><div class=\"special-heading-inner-border\"><\/div><\/div><\/div><br \/>\n<section  class='av_textblock_section av-o9o1pu-be0cfdc3a86c9892d82152122c95cdfc'   itemscope=\"itemscope\" itemtype=\"https:\/\/schema.org\/CreativeWork\" ><div class='avia_textblock'  itemprop=\"text\" >\n<\/div><\/section><\/p><\/div>\n<style type=\"text\/css\" data-created_by=\"avia_inline_auto\" id=\"style-css-av-mafb0ydb-0a9f2e8b092a23f971eb0545090d3089\">\n#top .hr.hr-invisible.av-mafb0ydb-0a9f2e8b092a23f971eb0545090d3089{\nheight:30px;\n}\n<\/style>\n<div  class='hr av-mafb0ydb-0a9f2e8b092a23f971eb0545090d3089 hr-invisible  avia-builder-el-6  el_after_av_three_fourth  el_before_av_buttonrow'><span class='hr-inner'><span class=\"hr-inner-style\"><\/span><\/span><\/div>\n<div  class='avia-buttonrow-wrap av-19manoy-336057e3fefc2b98131583b699a0d0a2 avia-buttonrow-center  avia-builder-el-7  el_after_av_hr  avia-builder-el-last'>\n\n<style type=\"text\/css\" data-created_by=\"avia_inline_auto\" id=\"style-css-av-s080fm-0c1af1f97415222bff42ac2fae41775a\">\n#top #wrap_all .avia-button.av-s080fm-0c1af1f97415222bff42ac2fae41775a{\nmargin-bottom:5px;\nmargin-right:3px;\nmargin-left:3px;\n}\n<\/style>\n<a href='https:\/\/www.gca-foundation.org\/en\/gouvernance-equipe\/'  class='avia-button av-s080fm-0c1af1f97415222bff42ac2fae41775a avia-icon_select-no avia-size-small avia-color-theme-color'   aria-label=\"See the whole team\"><span class='avia_iconbox_title' >See the whole team<\/span><\/a>\n<\/div>","protected":false},"excerpt":{"rendered":"","protected":false},"author":16,"featured_media":0,"parent":0,"menu_order":0,"comment_status":"closed","ping_status":"closed","template":"","meta":{"_acf_changed":false,"footnotes":""},"class_list":["post-26738","page","type-page","status-publish","hentry"],"acf":[],"yoast_head":"<!-- This site is optimized with the Yoast SEO plugin v27.4 - https:\/\/yoast.com\/product\/yoast-seo-wordpress\/ -->\n<title>MOD\u00c8LE FICHE \u00c9QUIPE - Fondation Grameen Cr\u00e9dit-Agricole<\/title>\n<meta name=\"robots\" content=\"index, follow, max-snippet:-1, max-image-preview:large, max-video-preview:-1\" \/>\n<link rel=\"canonical\" href=\"https:\/\/www.gca-foundation.org\/en\/modele-fiche-equipe\/\" \/>\n<meta property=\"og:locale\" content=\"en_GB\" \/>\n<meta property=\"og:type\" content=\"article\" \/>\n<meta property=\"og:title\" content=\"MOD\u00c8LE FICHE \u00c9QUIPE - Fondation Grameen Cr\u00e9dit-Agricole\" \/>\n<meta property=\"og:url\" content=\"https:\/\/www.gca-foundation.org\/en\/modele-fiche-equipe\/\" \/>\n<meta property=\"og:site_name\" content=\"Fondation Grameen Cr\u00e9dit-Agricole\" \/>\n<meta property=\"article:modified_time\" content=\"2025-05-08T12:40:31+00:00\" \/>\n<meta name=\"twitter:card\" content=\"summary_large_image\" \/>\n<meta name=\"twitter:label1\" content=\"Estimated reading time\" \/>\n\t<meta name=\"twitter:data1\" content=\"1 minute\" \/>\n<script type=\"application\/ld+json\" class=\"yoast-schema-graph\">{\"@context\":\"https:\\\/\\\/schema.org\",\"@graph\":[{\"@type\":\"WebPage\",\"@id\":\"https:\\\/\\\/www.gca-foundation.org\\\/modele-fiche-equipe\\\/\",\"url\":\"https:\\\/\\\/www.gca-foundation.org\\\/modele-fiche-equipe\\\/\",\"name\":\"MOD\u00c8LE FICHE \u00c9QUIPE - Fondation Grameen Cr\u00e9dit-Agricole\",\"isPartOf\":{\"@id\":\"https:\\\/\\\/www.gca-foundation.org\\\/en\\\/#website\"},\"datePublished\":\"2025-05-08T11:19:58+00:00\",\"dateModified\":\"2025-05-08T12:40:31+00:00\",\"breadcrumb\":{\"@id\":\"https:\\\/\\\/www.gca-foundation.org\\\/modele-fiche-equipe\\\/#breadcrumb\"},\"inLanguage\":\"en-GB\",\"potentialAction\":[{\"@type\":\"ReadAction\",\"target\":[\"https:\\\/\\\/www.gca-foundation.org\\\/modele-fiche-equipe\\\/\"]}]},{\"@type\":\"BreadcrumbList\",\"@id\":\"https:\\\/\\\/www.gca-foundation.org\\\/modele-fiche-equipe\\\/#breadcrumb\",\"itemListElement\":[{\"@type\":\"ListItem\",\"position\":1,\"name\":\"Accueil\",\"item\":\"https:\\\/\\\/www.gca-foundation.org\\\/accueil\\\/\"},{\"@type\":\"ListItem\",\"position\":2,\"name\":\"MOD\u00c8LE FICHE \u00c9QUIPE\"}]},{\"@type\":\"WebSite\",\"@id\":\"https:\\\/\\\/www.gca-foundation.org\\\/en\\\/#website\",\"url\":\"https:\\\/\\\/www.gca-foundation.org\\\/en\\\/\",\"name\":\"Fondation Grameen Cr\u00e9dit-Agricole\",\"description\":\"Microfinance &amp; Social Business\",\"potentialAction\":[{\"@type\":\"SearchAction\",\"target\":{\"@type\":\"EntryPoint\",\"urlTemplate\":\"https:\\\/\\\/www.gca-foundation.org\\\/en\\\/?s={search_term_string}\"},\"query-input\":{\"@type\":\"PropertyValueSpecification\",\"valueRequired\":true,\"valueName\":\"search_term_string\"}}],\"inLanguage\":\"en-GB\"}]}<\/script>\n<!-- \/ Yoast SEO plugin. -->","yoast_head_json":{"title":"MOD\u00c8LE FICHE \u00c9QUIPE - Fondation Grameen Cr\u00e9dit-Agricole","robots":{"index":"index","follow":"follow","max-snippet":"max-snippet:-1","max-image-preview":"max-image-preview:large","max-video-preview":"max-video-preview:-1"},"canonical":"https:\/\/www.gca-foundation.org\/en\/modele-fiche-equipe\/","og_locale":"en_GB","og_type":"article","og_title":"MOD\u00c8LE FICHE \u00c9QUIPE - Fondation Grameen Cr\u00e9dit-Agricole","og_url":"https:\/\/www.gca-foundation.org\/en\/modele-fiche-equipe\/","og_site_name":"Fondation Grameen Cr\u00e9dit-Agricole","article_modified_time":"2025-05-08T12:40:31+00:00","twitter_card":"summary_large_image","twitter_misc":{"Estimated reading time":"1 minute"},"schema":{"@context":"https:\/\/schema.org","@graph":[{"@type":"WebPage","@id":"https:\/\/www.gca-foundation.org\/modele-fiche-equipe\/","url":"https:\/\/www.gca-foundation.org\/modele-fiche-equipe\/","name":"MOD\u00c8LE FICHE \u00c9QUIPE - Fondation Grameen Cr\u00e9dit-Agricole","isPartOf":{"@id":"https:\/\/www.gca-foundation.org\/en\/#website"},"datePublished":"2025-05-08T11:19:58+00:00","dateModified":"2025-05-08T12:40:31+00:00","breadcrumb":{"@id":"https:\/\/www.gca-foundation.org\/modele-fiche-equipe\/#breadcrumb"},"inLanguage":"en-GB","potentialAction":[{"@type":"ReadAction","target":["https:\/\/www.gca-foundation.org\/modele-fiche-equipe\/"]}]},{"@type":"BreadcrumbList","@id":"https:\/\/www.gca-foundation.org\/modele-fiche-equipe\/#breadcrumb","itemListElement":[{"@type":"ListItem","position":1,"name":"Accueil","item":"https:\/\/www.gca-foundation.org\/accueil\/"},{"@type":"ListItem","position":2,"name":"MOD\u00c8LE FICHE \u00c9QUIPE"}]},{"@type":"WebSite","@id":"https:\/\/www.gca-foundation.org\/en\/#website","url":"https:\/\/www.gca-foundation.org\/en\/","name":"Grameen Cr\u00e9dit-Agricole Foundation","description":"Microfinance &amp; Social Business","potentialAction":[{"@type":"SearchAction","target":{"@type":"EntryPoint","urlTemplate":"https:\/\/www.gca-foundation.org\/en\/?s={search_term_string}"},"query-input":{"@type":"PropertyValueSpecification","valueRequired":true,"valueName":"search_term_string"}}],"inLanguage":"en-GB"}]}},"_links":{"self":[{"href":"https:\/\/www.gca-foundation.org\/en\/wp-json\/wp\/v2\/pages\/26738","targetHints":{"allow":["GET"]}}],"collection":[{"href":"https:\/\/www.gca-foundation.org\/en\/wp-json\/wp\/v2\/pages"}],"about":[{"href":"https:\/\/www.gca-foundation.org\/en\/wp-json\/wp\/v2\/types\/page"}],"author":[{"embeddable":true,"href":"https:\/\/www.gca-foundation.org\/en\/wp-json\/wp\/v2\/users\/16"}],"replies":[{"embeddable":true,"href":"https:\/\/www.gca-foundation.org\/en\/wp-json\/wp\/v2\/comments?post=26738"}],"version-history":[{"count":0,"href":"https:\/\/www.gca-foundation.org\/en\/wp-json\/wp\/v2\/pages\/26738\/revisions"}],"wp:attachment":[{"href":"https:\/\/www.gca-foundation.org\/en\/wp-json\/wp\/v2\/media?parent=26738"}],"curies":[{"name":"wp","href":"https:\/\/api.w.org\/{rel}","templated":true}]}}