{"id":27464,"date":"2025-05-14T15:05:37","date_gmt":"2025-05-14T13:05:37","guid":{"rendered":"https:\/\/www.gca-foundation.org\/?page_id=27464"},"modified":"2025-09-09T12:11:19","modified_gmt":"2025-09-09T10:11:19","slug":"modele-poste-a-pourvoir","status":"publish","type":"page","link":"https:\/\/www.gca-foundation.org\/en\/modele-poste-a-pourvoir\/","title":{"rendered":"MODEL POSITION TO BE FILLED"},"content":{"rendered":"<div id='av_section_1'  class='avia-section av-7vde8ug-2754c0021e502ca6e63cdd34611e46ff main_color avia-section-default avia-no-border-styling  avia-builder-el-0  avia-builder-el-no-sibling  avia-bg-style-scroll container_wrap fullsize'  ><div class='container av-section-cont-open' ><main  role=\"main\" itemprop=\"mainContentOfPage\"  class='template-page content  av-content-full alpha units'><div class='post-entry post-entry-type-page post-entry-27464'><div class='entry-content-wrapper clearfix'>\n\n<style type=\"text\/css\" data-created_by=\"avia_inline_auto\" id=\"style-css-av-rg5pwo-0eb03f41b2c62887c162e52e42a5df5f\">\n#top .av-special-heading.av-rg5pwo-0eb03f41b2c62887c162e52e42a5df5f{\nmargin:0 0 0 0;\npadding-bottom:10px;\n}\nbody .av-special-heading.av-rg5pwo-0eb03f41b2c62887c162e52e42a5df5f .av-special-heading-tag .heading-char{\nfont-size:25px;\n}\n#top #wrap_all .av-special-heading.av-rg5pwo-0eb03f41b2c62887c162e52e42a5df5f .av-special-heading-tag{\npadding:0 0 0 0;\n}\n.av-special-heading.av-rg5pwo-0eb03f41b2c62887c162e52e42a5df5f .av-subheading{\nfont-size:15px;\n}\n<\/style>\n<div  class='av-special-heading av-rg5pwo-0eb03f41b2c62887c162e52e42a5df5f av-special-heading-h2 blockquote modern-quote  avia-builder-el-1  el_before_av_one_half  avia-builder-el-first'><h2 class='av-special-heading-tag'  itemprop=\"headline\"  >Position to be filled<\/h2><div class=\"special-heading-border\"><div class=\"special-heading-inner-border\"><\/div><\/div><\/div>\n<div class='flex_column_table av-713i4ug-378d34fc8dc13c27bbf9ce695bb80aaa sc-av_one_half av-equal-height-column-flextable'>\n<style type=\"text\/css\" data-created_by=\"avia_inline_auto\" id=\"style-css-av-713i4ug-378d34fc8dc13c27bbf9ce695bb80aaa\">\n#top .flex_column_table.av-equal-height-column-flextable.av-713i4ug-378d34fc8dc13c27bbf9ce695bb80aaa{\nmargin-top:0px;\nmargin-bottom:0px;\n}\n.flex_column.av-713i4ug-378d34fc8dc13c27bbf9ce695bb80aaa{\npadding:30px 30px 30px 30px;\nbackground-color:#f5f5f5;\n}\n<\/style>\n<div  class='flex_column av-713i4ug-378d34fc8dc13c27bbf9ce695bb80aaa av_one_half  avia-builder-el-2  el_after_av_heading  el_before_av_one_half  colonne-bande-rouge-haut first no_margin flex_column_table_cell av-equal-height-column av-align-top'     ><p>\n<style type=\"text\/css\" data-created_by=\"avia_inline_auto\" id=\"style-css-av-6ja8560-e64192d4ad456c6d6238bd1cb2812ef0\">\n#top .av-special-heading.av-6ja8560-e64192d4ad456c6d6238bd1cb2812ef0{\npadding-bottom:10px;\n}\nbody .av-special-heading.av-6ja8560-e64192d4ad456c6d6238bd1cb2812ef0 .av-special-heading-tag .heading-char{\nfont-size:25px;\n}\n.av-special-heading.av-6ja8560-e64192d4ad456c6d6238bd1cb2812ef0 .av-subheading{\nfont-size:15px;\n}\n<\/style>\n<div  class='av-special-heading av-6ja8560-e64192d4ad456c6d6238bd1cb2812ef0 av-special-heading-h3 blockquote modern-quote  avia-builder-el-3  el_before_av_dynamic_field  avia-builder-el-first'><h3 class='av-special-heading-tag'  itemprop=\"headline\"  >MODEL POSITION TO BE FILLED<\/h3><div class=\"special-heading-border\"><div class=\"special-heading-inner-border\"><\/div><\/div><\/div><br \/>\n<div class='av-dynamic-field-container av-67fkx2g-30a006f33c52a8135dca6df687017a83  avia-builder-el-4  el_after_av_heading  avia-builder-el-last' ><div class=\"av-dynamic-field-inner\"><\/div><\/div><\/p><\/div>\n<style type=\"text\/css\" data-created_by=\"avia_inline_auto\" id=\"style-css-av-5mhczxk-11388ecaff0a05f86a69245863f93949\">\n#top .flex_column_table.av-equal-height-column-flextable.av-5mhczxk-11388ecaff0a05f86a69245863f93949{\nmargin-top:0px;\nmargin-bottom:0px;\n}\n.flex_column.av-5mhczxk-11388ecaff0a05f86a69245863f93949{\npadding:30px 30px 30px 30px;\nbackground-color:#f5f5f5;\n}\n<\/style>\n<div  class='flex_column av-5mhczxk-11388ecaff0a05f86a69245863f93949 av_one_half  avia-builder-el-5  el_after_av_one_half  avia-builder-el-last  colonne-bande-rouge-haut no_margin flex_column_table_cell av-equal-height-column av-align-top'     ><p><br \/>\n<br \/>\n\n<style type=\"text\/css\" data-created_by=\"avia_inline_auto\" id=\"style-css-av-4a8lf60-761556a0c3c589623d4feb1a3272cafd\">\n#top .hr.hr-invisible.av-4a8lf60-761556a0c3c589623d4feb1a3272cafd{\nheight:50px;\n}\n<\/style>\n<div  class='hr av-4a8lf60-761556a0c3c589623d4feb1a3272cafd hr-invisible  avia-builder-el-8  el_after_av_heading  el_before_av_textblock'><span class='hr-inner'><span class=\"hr-inner-style\"><\/span><\/span><\/div><br \/>\n<section  class='av_textblock_section av-3qwu9mw-ec6f1a43063dd10edb795e9bb6d753c4'   itemscope=\"itemscope\" itemtype=\"https:\/\/schema.org\/CreativeWork\" ><div class='avia_textblock lien-telecharger-fichier'  itemprop=\"text\" >\n<\/div><\/section><\/p><\/div><\/div><!--close column table wrapper. Autoclose: 1 -->","protected":false},"excerpt":{"rendered":"","protected":false},"author":16,"featured_media":0,"parent":0,"menu_order":0,"comment_status":"closed","ping_status":"closed","template":"","meta":{"_acf_changed":false,"footnotes":""},"class_list":["post-27464","page","type-page","status-publish","hentry"],"acf":[],"yoast_head":"<!-- This site is optimized with the Yoast SEO plugin v27.4 - https:\/\/yoast.com\/product\/yoast-seo-wordpress\/ -->\n<title>MOD\u00c8LE POSTE \u00c0 POURVOIR - Fondation Grameen Cr\u00e9dit-Agricole<\/title>\n<meta name=\"robots\" content=\"index, follow, max-snippet:-1, max-image-preview:large, max-video-preview:-1\" \/>\n<link rel=\"canonical\" href=\"https:\/\/www.gca-foundation.org\/en\/modele-poste-a-pourvoir\/\" \/>\n<meta property=\"og:locale\" content=\"en_GB\" \/>\n<meta property=\"og:type\" content=\"article\" \/>\n<meta property=\"og:title\" content=\"MOD\u00c8LE POSTE \u00c0 POURVOIR - Fondation Grameen Cr\u00e9dit-Agricole\" \/>\n<meta property=\"og:url\" content=\"https:\/\/www.gca-foundation.org\/en\/modele-poste-a-pourvoir\/\" \/>\n<meta property=\"og:site_name\" content=\"Fondation Grameen Cr\u00e9dit-Agricole\" \/>\n<meta property=\"article:modified_time\" content=\"2025-09-09T10:11:19+00:00\" \/>\n<meta name=\"twitter:card\" content=\"summary_large_image\" \/>\n<meta name=\"twitter:label1\" content=\"Estimated reading time\" \/>\n\t<meta name=\"twitter:data1\" content=\"1 minute\" \/>\n<script type=\"application\/ld+json\" class=\"yoast-schema-graph\">{\"@context\":\"https:\\\/\\\/schema.org\",\"@graph\":[{\"@type\":\"WebPage\",\"@id\":\"https:\\\/\\\/www.gca-foundation.org\\\/modele-poste-a-pourvoir\\\/\",\"url\":\"https:\\\/\\\/www.gca-foundation.org\\\/modele-poste-a-pourvoir\\\/\",\"name\":\"MOD\u00c8LE POSTE \u00c0 POURVOIR - Fondation Grameen Cr\u00e9dit-Agricole\",\"isPartOf\":{\"@id\":\"https:\\\/\\\/www.gca-foundation.org\\\/en\\\/#website\"},\"datePublished\":\"2025-05-14T13:05:37+00:00\",\"dateModified\":\"2025-09-09T10:11:19+00:00\",\"breadcrumb\":{\"@id\":\"https:\\\/\\\/www.gca-foundation.org\\\/modele-poste-a-pourvoir\\\/#breadcrumb\"},\"inLanguage\":\"en-GB\",\"potentialAction\":[{\"@type\":\"ReadAction\",\"target\":[\"https:\\\/\\\/www.gca-foundation.org\\\/modele-poste-a-pourvoir\\\/\"]}]},{\"@type\":\"BreadcrumbList\",\"@id\":\"https:\\\/\\\/www.gca-foundation.org\\\/modele-poste-a-pourvoir\\\/#breadcrumb\",\"itemListElement\":[{\"@type\":\"ListItem\",\"position\":1,\"name\":\"Accueil\",\"item\":\"https:\\\/\\\/www.gca-foundation.org\\\/accueil\\\/\"},{\"@type\":\"ListItem\",\"position\":2,\"name\":\"MOD\u00c8LE POSTE \u00c0 POURVOIR\"}]},{\"@type\":\"WebSite\",\"@id\":\"https:\\\/\\\/www.gca-foundation.org\\\/en\\\/#website\",\"url\":\"https:\\\/\\\/www.gca-foundation.org\\\/en\\\/\",\"name\":\"Fondation Grameen Cr\u00e9dit-Agricole\",\"description\":\"Microfinance &amp; Social Business\",\"potentialAction\":[{\"@type\":\"SearchAction\",\"target\":{\"@type\":\"EntryPoint\",\"urlTemplate\":\"https:\\\/\\\/www.gca-foundation.org\\\/en\\\/?s={search_term_string}\"},\"query-input\":{\"@type\":\"PropertyValueSpecification\",\"valueRequired\":true,\"valueName\":\"search_term_string\"}}],\"inLanguage\":\"en-GB\"}]}<\/script>\n<!-- \/ Yoast SEO plugin. -->","yoast_head_json":{"title":"MOD\u00c8LE POSTE \u00c0 POURVOIR - Fondation Grameen Cr\u00e9dit-Agricole","robots":{"index":"index","follow":"follow","max-snippet":"max-snippet:-1","max-image-preview":"max-image-preview:large","max-video-preview":"max-video-preview:-1"},"canonical":"https:\/\/www.gca-foundation.org\/en\/modele-poste-a-pourvoir\/","og_locale":"en_GB","og_type":"article","og_title":"MOD\u00c8LE POSTE \u00c0 POURVOIR - Fondation Grameen Cr\u00e9dit-Agricole","og_url":"https:\/\/www.gca-foundation.org\/en\/modele-poste-a-pourvoir\/","og_site_name":"Fondation Grameen Cr\u00e9dit-Agricole","article_modified_time":"2025-09-09T10:11:19+00:00","twitter_card":"summary_large_image","twitter_misc":{"Estimated reading time":"1 minute"},"schema":{"@context":"https:\/\/schema.org","@graph":[{"@type":"WebPage","@id":"https:\/\/www.gca-foundation.org\/modele-poste-a-pourvoir\/","url":"https:\/\/www.gca-foundation.org\/modele-poste-a-pourvoir\/","name":"MOD\u00c8LE POSTE \u00c0 POURVOIR - Fondation Grameen Cr\u00e9dit-Agricole","isPartOf":{"@id":"https:\/\/www.gca-foundation.org\/en\/#website"},"datePublished":"2025-05-14T13:05:37+00:00","dateModified":"2025-09-09T10:11:19+00:00","breadcrumb":{"@id":"https:\/\/www.gca-foundation.org\/modele-poste-a-pourvoir\/#breadcrumb"},"inLanguage":"en-GB","potentialAction":[{"@type":"ReadAction","target":["https:\/\/www.gca-foundation.org\/modele-poste-a-pourvoir\/"]}]},{"@type":"BreadcrumbList","@id":"https:\/\/www.gca-foundation.org\/modele-poste-a-pourvoir\/#breadcrumb","itemListElement":[{"@type":"ListItem","position":1,"name":"Accueil","item":"https:\/\/www.gca-foundation.org\/accueil\/"},{"@type":"ListItem","position":2,"name":"MOD\u00c8LE POSTE \u00c0 POURVOIR"}]},{"@type":"WebSite","@id":"https:\/\/www.gca-foundation.org\/en\/#website","url":"https:\/\/www.gca-foundation.org\/en\/","name":"Grameen Cr\u00e9dit-Agricole Foundation","description":"Microfinance &amp; Social Business","potentialAction":[{"@type":"SearchAction","target":{"@type":"EntryPoint","urlTemplate":"https:\/\/www.gca-foundation.org\/en\/?s={search_term_string}"},"query-input":{"@type":"PropertyValueSpecification","valueRequired":true,"valueName":"search_term_string"}}],"inLanguage":"en-GB"}]}},"_links":{"self":[{"href":"https:\/\/www.gca-foundation.org\/en\/wp-json\/wp\/v2\/pages\/27464","targetHints":{"allow":["GET"]}}],"collection":[{"href":"https:\/\/www.gca-foundation.org\/en\/wp-json\/wp\/v2\/pages"}],"about":[{"href":"https:\/\/www.gca-foundation.org\/en\/wp-json\/wp\/v2\/types\/page"}],"author":[{"embeddable":true,"href":"https:\/\/www.gca-foundation.org\/en\/wp-json\/wp\/v2\/users\/16"}],"replies":[{"embeddable":true,"href":"https:\/\/www.gca-foundation.org\/en\/wp-json\/wp\/v2\/comments?post=27464"}],"version-history":[{"count":14,"href":"https:\/\/www.gca-foundation.org\/en\/wp-json\/wp\/v2\/pages\/27464\/revisions"}],"predecessor-version":[{"id":28508,"href":"https:\/\/www.gca-foundation.org\/en\/wp-json\/wp\/v2\/pages\/27464\/revisions\/28508"}],"wp:attachment":[{"href":"https:\/\/www.gca-foundation.org\/en\/wp-json\/wp\/v2\/media?parent=27464"}],"curies":[{"name":"wp","href":"https:\/\/api.w.org\/{rel}","templated":true}]}}