{"id":28502,"date":"2025-09-22T08:06:08","date_gmt":"2025-09-22T06:06:08","guid":{"rendered":"https:\/\/www.gca-foundation.org\/?page_id=28502"},"modified":"2025-09-22T08:06:28","modified_gmt":"2025-09-22T06:06:28","slug":"credits","status":"publish","type":"page","link":"https:\/\/www.gca-foundation.org\/en\/credits\/","title":{"rendered":"Credits"},"content":{"rendered":"<h1>Credits from the Grameen Cr\u00e9dit Agricole Foundation website<\/h1>\n<p>The Grameen Cr\u00e9dit Agricole Foundation website was created by <a href=\"https:\/\/www.limbus.fr\/\" target=\"_blank\" rel=\"noopener\">Limbus Studio<\/a>, an agency specializing in WordPress and WooCommerce development.<\/p>\n<p>Among the technical services provided:<\/p>\n<p>* <a href=\"https:\/\/www.limbus.fr\/offre-et-forfait-de-contrat-maintenance-wordpress\/\" target=\"_blank\" rel=\"noopener\">WordPress Maintenance<\/a> to ensure updates to the CMS, plugins, and security.<br \/>\n* <a href=\"https:\/\/wordpress.limbus.fr\/4-maintenance-wordpress-woocommerce\/\" target=\"_blank\" rel=\"noopener\">WooCommerce Scalable Maintenance<\/a> to adapt the site to expected functional developments.<br \/>\n* <a href=\"https:\/\/www.limbus.fr\/agence-digitale-wordpress-et-woocommerce\/refonte-site-wordpress-woocommerce\/\" target=\"_blank\" rel=\"noopener\">WordPress Redesign and Development<\/a> to structure content and improve technical management.<br \/>\n* <a href=\"https:\/\/wordpress.limbus.fr\/services-wp\/optimisation-performances-core-web-vitals-wordpress-woocommerce-pagespeed-insights\/\" target=\"_blank\" rel=\"noopener\">Performance optimization<\/a> aimed at ensuring smooth navigation that complies with technical criteria (Core Web Vitals).<\/p>\n<p>Specific measures have been put in place regarding the management of institutional content and the stability of the website.<\/p>\n<p>Photographs, graphics, and visual elements are subject to copyright. Some images used come from royalty-free image banks, according to applicable licenses.<\/p>","protected":false},"excerpt":{"rendered":"<p>Cr\u00e9dits du site Fondation Grameen Cr\u00e9dit Agricole Le site Fondation Grameen Cr\u00e9dit Agricole a \u00e9t\u00e9 r\u00e9alis\u00e9 par Limbus Studio, agence experte en d\u00e9veloppement WordPress et WooCommerce. Parmi les prestations techniques fournies : * Maintenance WordPress afin d\u2019assurer les mises \u00e0 jour du CMS, des plugins, et la s\u00e9curit\u00e9. * Maintenance \u00e9volutive WooCommerce pour adapter le [&hellip;]<\/p>\n","protected":false},"author":16,"featured_media":0,"parent":0,"menu_order":0,"comment_status":"closed","ping_status":"closed","template":"","meta":{"_acf_changed":false,"footnotes":""},"class_list":["post-28502","page","type-page","status-publish","hentry"],"acf":[],"yoast_head":"<!-- This site is optimized with the Yoast SEO plugin v27.4 - https:\/\/yoast.com\/product\/yoast-seo-wordpress\/ -->\n<title>Cr\u00e9dits - Fondation Grameen Cr\u00e9dit-Agricole<\/title>\n<meta name=\"robots\" content=\"index, follow, max-snippet:-1, max-image-preview:large, max-video-preview:-1\" \/>\n<link rel=\"canonical\" href=\"https:\/\/www.gca-foundation.org\/en\/credits\/\" \/>\n<meta property=\"og:locale\" content=\"en_GB\" \/>\n<meta property=\"og:type\" content=\"article\" \/>\n<meta property=\"og:title\" content=\"Cr\u00e9dits - Fondation Grameen Cr\u00e9dit-Agricole\" \/>\n<meta property=\"og:description\" content=\"Cr\u00e9dits du site Fondation Grameen Cr\u00e9dit Agricole Le site Fondation Grameen Cr\u00e9dit Agricole a \u00e9t\u00e9 r\u00e9alis\u00e9 par Limbus Studio, agence experte en d\u00e9veloppement WordPress et WooCommerce. Parmi les prestations techniques fournies : * Maintenance WordPress afin d\u2019assurer les mises \u00e0 jour du CMS, des plugins, et la s\u00e9curit\u00e9. * Maintenance \u00e9volutive WooCommerce pour adapter le [&hellip;]\" \/>\n<meta property=\"og:url\" content=\"https:\/\/www.gca-foundation.org\/en\/credits\/\" \/>\n<meta property=\"og:site_name\" content=\"Fondation Grameen Cr\u00e9dit-Agricole\" \/>\n<meta property=\"article:modified_time\" content=\"2025-09-22T06:06:28+00:00\" \/>\n<meta name=\"twitter:card\" content=\"summary_large_image\" \/>\n<script type=\"application\/ld+json\" class=\"yoast-schema-graph\">{\"@context\":\"https:\\\/\\\/schema.org\",\"@graph\":[{\"@type\":\"WebPage\",\"@id\":\"https:\\\/\\\/www.gca-foundation.org\\\/credits\\\/\",\"url\":\"https:\\\/\\\/www.gca-foundation.org\\\/credits\\\/\",\"name\":\"Cr\u00e9dits - Fondation Grameen Cr\u00e9dit-Agricole\",\"isPartOf\":{\"@id\":\"https:\\\/\\\/www.gca-foundation.org\\\/en\\\/#website\"},\"datePublished\":\"2025-09-22T06:06:08+00:00\",\"dateModified\":\"2025-09-22T06:06:28+00:00\",\"breadcrumb\":{\"@id\":\"https:\\\/\\\/www.gca-foundation.org\\\/credits\\\/#breadcrumb\"},\"inLanguage\":\"en-GB\",\"potentialAction\":[{\"@type\":\"ReadAction\",\"target\":[\"https:\\\/\\\/www.gca-foundation.org\\\/credits\\\/\"]}]},{\"@type\":\"BreadcrumbList\",\"@id\":\"https:\\\/\\\/www.gca-foundation.org\\\/credits\\\/#breadcrumb\",\"itemListElement\":[{\"@type\":\"ListItem\",\"position\":1,\"name\":\"Accueil\",\"item\":\"https:\\\/\\\/www.gca-foundation.org\\\/accueil\\\/\"},{\"@type\":\"ListItem\",\"position\":2,\"name\":\"Cr\u00e9dits\"}]},{\"@type\":\"WebSite\",\"@id\":\"https:\\\/\\\/www.gca-foundation.org\\\/en\\\/#website\",\"url\":\"https:\\\/\\\/www.gca-foundation.org\\\/en\\\/\",\"name\":\"Fondation Grameen Cr\u00e9dit-Agricole\",\"description\":\"Microfinance &amp; Social Business\",\"potentialAction\":[{\"@type\":\"SearchAction\",\"target\":{\"@type\":\"EntryPoint\",\"urlTemplate\":\"https:\\\/\\\/www.gca-foundation.org\\\/en\\\/?s={search_term_string}\"},\"query-input\":{\"@type\":\"PropertyValueSpecification\",\"valueRequired\":true,\"valueName\":\"search_term_string\"}}],\"inLanguage\":\"en-GB\"}]}<\/script>\n<!-- \/ Yoast SEO plugin. -->","yoast_head_json":{"title":"Cr\u00e9dits - Fondation Grameen Cr\u00e9dit-Agricole","robots":{"index":"index","follow":"follow","max-snippet":"max-snippet:-1","max-image-preview":"max-image-preview:large","max-video-preview":"max-video-preview:-1"},"canonical":"https:\/\/www.gca-foundation.org\/en\/credits\/","og_locale":"en_GB","og_type":"article","og_title":"Cr\u00e9dits - Fondation Grameen Cr\u00e9dit-Agricole","og_description":"Cr\u00e9dits du site Fondation Grameen Cr\u00e9dit Agricole Le site Fondation Grameen Cr\u00e9dit Agricole a \u00e9t\u00e9 r\u00e9alis\u00e9 par Limbus Studio, agence experte en d\u00e9veloppement WordPress et WooCommerce. Parmi les prestations techniques fournies : * Maintenance WordPress afin d\u2019assurer les mises \u00e0 jour du CMS, des plugins, et la s\u00e9curit\u00e9. * Maintenance \u00e9volutive WooCommerce pour adapter le [&hellip;]","og_url":"https:\/\/www.gca-foundation.org\/en\/credits\/","og_site_name":"Fondation Grameen Cr\u00e9dit-Agricole","article_modified_time":"2025-09-22T06:06:28+00:00","twitter_card":"summary_large_image","schema":{"@context":"https:\/\/schema.org","@graph":[{"@type":"WebPage","@id":"https:\/\/www.gca-foundation.org\/credits\/","url":"https:\/\/www.gca-foundation.org\/credits\/","name":"Cr\u00e9dits - Fondation Grameen Cr\u00e9dit-Agricole","isPartOf":{"@id":"https:\/\/www.gca-foundation.org\/en\/#website"},"datePublished":"2025-09-22T06:06:08+00:00","dateModified":"2025-09-22T06:06:28+00:00","breadcrumb":{"@id":"https:\/\/www.gca-foundation.org\/credits\/#breadcrumb"},"inLanguage":"en-GB","potentialAction":[{"@type":"ReadAction","target":["https:\/\/www.gca-foundation.org\/credits\/"]}]},{"@type":"BreadcrumbList","@id":"https:\/\/www.gca-foundation.org\/credits\/#breadcrumb","itemListElement":[{"@type":"ListItem","position":1,"name":"Accueil","item":"https:\/\/www.gca-foundation.org\/accueil\/"},{"@type":"ListItem","position":2,"name":"Cr\u00e9dits"}]},{"@type":"WebSite","@id":"https:\/\/www.gca-foundation.org\/en\/#website","url":"https:\/\/www.gca-foundation.org\/en\/","name":"Grameen Cr\u00e9dit-Agricole Foundation","description":"Microfinance &amp; Social Business","potentialAction":[{"@type":"SearchAction","target":{"@type":"EntryPoint","urlTemplate":"https:\/\/www.gca-foundation.org\/en\/?s={search_term_string}"},"query-input":{"@type":"PropertyValueSpecification","valueRequired":true,"valueName":"search_term_string"}}],"inLanguage":"en-GB"}]}},"_links":{"self":[{"href":"https:\/\/www.gca-foundation.org\/en\/wp-json\/wp\/v2\/pages\/28502","targetHints":{"allow":["GET"]}}],"collection":[{"href":"https:\/\/www.gca-foundation.org\/en\/wp-json\/wp\/v2\/pages"}],"about":[{"href":"https:\/\/www.gca-foundation.org\/en\/wp-json\/wp\/v2\/types\/page"}],"author":[{"embeddable":true,"href":"https:\/\/www.gca-foundation.org\/en\/wp-json\/wp\/v2\/users\/16"}],"replies":[{"embeddable":true,"href":"https:\/\/www.gca-foundation.org\/en\/wp-json\/wp\/v2\/comments?post=28502"}],"version-history":[{"count":3,"href":"https:\/\/www.gca-foundation.org\/en\/wp-json\/wp\/v2\/pages\/28502\/revisions"}],"predecessor-version":[{"id":28504,"href":"https:\/\/www.gca-foundation.org\/en\/wp-json\/wp\/v2\/pages\/28502\/revisions\/28504"}],"wp:attachment":[{"href":"https:\/\/www.gca-foundation.org\/en\/wp-json\/wp\/v2\/media?parent=28502"}],"curies":[{"name":"wp","href":"https:\/\/api.w.org\/{rel}","templated":true}]}}